{"id":22,"date":"2022-01-15T04:30:50","date_gmt":"2022-01-15T04:30:50","guid":{"rendered":"https:\/\/unicoz.novaworks.net\/?page_id=22"},"modified":"2023-03-07T15:24:26","modified_gmt":"2023-03-07T15:24:26","slug":"about-us","status":"publish","type":"page","link":"https:\/\/ecoprodukt-ks.com\/index.php\/about-us\/","title":{"rendered":"About Us"},"content":{"rendered":"\t\t<div data-elementor-type=\"wp-page\" data-elementor-id=\"22\" class=\"elementor elementor-22\">\n\t\t\t\t\t\t<section class=\"elementor-section elementor-top-section elementor-element elementor-element-339a1d1 elementor-section-full_width elementor-section-height-default elementor-section-height-default\" data-id=\"339a1d1\" data-element_type=\"section\">\n\t\t\t\t\t\t<div class=\"elementor-container elementor-column-gap-no\">\n\t\t\t\t\t<div class=\"elementor-column elementor-col-100 elementor-top-column elementor-element elementor-element-1184a2d kitify-col-width-auto-no kitify-disable-relative-no\" data-id=\"1184a2d\" data-element_type=\"column\">\n\t\t\t<div class=\"elementor-widget-wrap elementor-element-populated\">\n\t\t\t\t\t\t<div class=\"elementor-element elementor-element-8e25cbc elementor-widget elementor-widget-slider_revolution\" data-id=\"8e25cbc\" data-element_type=\"widget\" data-widget_type=\"slider_revolution.default\">\n\t\t\t\t<div class=\"elementor-widget-container\">\n\t\t\t\r\n\t\t<div class=\"wp-block-themepunch-revslider\">\n\t\t\t<!-- START Slider 1 REVOLUTION SLIDER 6.6.10 --><p class=\"rs-p-wp-fix\"><\/p>\n\t\t\t<rs-module-wrap id=\"rev_slider_2_1_wrapper\" data-source=\"gallery\" style=\"visibility:hidden;background:transparent;padding:0;margin:0px auto;margin-top:0;margin-bottom:0;\">\n\t\t\t\t<rs-module id=\"rev_slider_2_1\" style=\"\" data-version=\"6.6.10\">\n\t\t\t\t\t<rs-slides style=\"overflow: hidden; position: absolute;\">\n\t\t\t\t\t\t<rs-slide style=\"position: absolute;\" data-key=\"rs-4\" data-title=\"Slide\" data-in=\"o:0;\" data-out=\"a:false;\">\n\t\t\t\t\t\t\t<img fetchpriority=\"high\" decoding=\"async\" src=\"\/\/ecoprodukt-ks.com\/wp-content\/plugins\/revslider\/public\/assets\/assets\/dummy.png\" alt=\"\" title=\"321130688_203966268863982_2107799874415521007_n-1_4.jpeg\" width=\"1280\" height=\"720\" class=\"rev-slidebg tp-rs-img rs-lazyload\" data-lazyload=\"\/\/ecoprodukt-ks.com\/wp-content\/uploads\/revslider\/video-media\/321130688_203966268863982_2107799874415521007_n-1_4.jpeg\" data-no-retina>\n\t\t\t\t\t\t\t<rs-bgvideo \n\t\t\t\t\t\t\t\tdata-video=\"w:100%;h:100%;nse:false;l:true;ptimer:false;vfc:true;\"\n\t\t\t\t\t\t\t\tdata-mp4=\"\/\/ecoprodukt-ks.com\/wp-content\/uploads\/2022\/01\/321130688_203966268863982_2107799874415521007_n-1.mp4\"\n\t\t\t\t\t\t\t><\/rs-bgvideo>\n<!---->\t\t\t\t\t\t<\/rs-slide>\n\t\t\t\t\t<\/rs-slides>\n\t\t\t\t<\/rs-module>\n\t\t\t\t<script>\n\t\t\t\t\tsetREVStartSize({c: 'rev_slider_2_1',rl:[1240,1024,778,480],el:[900,768,960,592],gw:[1240,1024,778,480],gh:[900,768,960,720],type:'standard',justify:'',layout:'fullwidth',mh:\"0\"});if (window.RS_MODULES!==undefined && window.RS_MODULES.modules!==undefined && window.RS_MODULES.modules[\"revslider21\"]!==undefined) {window.RS_MODULES.modules[\"revslider21\"].once = false;window.revapi2 = undefined;if (window.RS_MODULES.checkMinimal!==undefined) window.RS_MODULES.checkMinimal()}\n\t\t\t\t<\/script>\n\t\t\t<\/rs-module-wrap>\n\t\t\t<!-- END REVOLUTION SLIDER -->\n<\/div>\r\n\r\n\t\t\t\t<\/div>\n\t\t\t\t<\/div>\n\t\t\t\t\t<\/div>\n\t\t<\/div>\n\t\t\t\t\t<\/div>\n\t\t<\/section>\n\t\t\t\t<section class=\"elementor-section elementor-top-section elementor-element elementor-element-e4802af elementor-section-boxed elementor-section-height-default elementor-section-height-default\" data-id=\"e4802af\" data-element_type=\"section\">\n\t\t\t\t\t\t<div class=\"elementor-container elementor-column-gap-default\">\n\t\t\t\t\t<div class=\"elementor-column elementor-col-100 elementor-top-column elementor-element elementor-element-8f49e20 kitify-col-width-auto-no kitify-disable-relative-no\" data-id=\"8f49e20\" data-element_type=\"column\">\n\t\t\t<div class=\"elementor-widget-wrap elementor-element-populated\">\n\t\t\t\t\t\t<div class=\"elementor-element elementor-element-01cefeb elementor-widget elementor-widget-heading\" data-id=\"01cefeb\" data-element_type=\"widget\" data-widget_type=\"heading.default\">\n\t\t\t\t<div class=\"elementor-widget-container\">\n\t\t\t<style>\/*! elementor - v3.20.0 - 13-03-2024 *\/\n.elementor-heading-title{padding:0;margin:0;line-height:1}.elementor-widget-heading .elementor-heading-title[class*=elementor-size-]>a{color:inherit;font-size:inherit;line-height:inherit}.elementor-widget-heading .elementor-heading-title.elementor-size-small{font-size:15px}.elementor-widget-heading .elementor-heading-title.elementor-size-medium{font-size:19px}.elementor-widget-heading .elementor-heading-title.elementor-size-large{font-size:29px}.elementor-widget-heading .elementor-heading-title.elementor-size-xl{font-size:39px}.elementor-widget-heading .elementor-heading-title.elementor-size-xxl{font-size:59px}<\/style><h2 class=\"elementor-heading-title elementor-size-default\">Rreth Historis\u00eb Ton\u00eb<\/h2>\t\t<\/div>\n\t\t\t\t<\/div>\n\t\t\t\t\t<\/div>\n\t\t<\/div>\n\t\t\t\t\t<\/div>\n\t\t<\/section>\n\t\t\t\t<section class=\"elementor-section elementor-top-section elementor-element elementor-element-c08cb79 elementor-section-boxed elementor-section-height-default elementor-section-height-default\" data-id=\"c08cb79\" data-element_type=\"section\">\n\t\t\t\t\t\t<div class=\"elementor-container elementor-column-gap-default\">\n\t\t\t\t\t<div class=\"elementor-column elementor-col-100 elementor-top-column elementor-element elementor-element-f921f71 kitify-col-width-auto-no kitify-disable-relative-no\" data-id=\"f921f71\" data-element_type=\"column\">\n\t\t\t<div class=\"elementor-widget-wrap elementor-element-populated\">\n\t\t\t\t\t\t<section class=\"elementor-section elementor-inner-section elementor-element elementor-element-e8ca880 elementor-section-full_width elementor-section-content-middle elementor-section-height-default elementor-section-height-default\" data-id=\"e8ca880\" data-element_type=\"section\">\n\t\t\t\t\t\t<div class=\"elementor-container elementor-column-gap-no\">\n\t\t\t\t\t<div class=\"elementor-column elementor-col-50 elementor-inner-column elementor-element elementor-element-37f23d9 kitify-col-width-auto-no kitify-disable-relative-no elementor-invisible\" data-id=\"37f23d9\" data-element_type=\"column\" data-settings=\"{&quot;animation&quot;:&quot;kitifyShortFadeInUp&quot;,&quot;animation_delay&quot;:300}\">\n\t\t\t<div class=\"elementor-widget-wrap elementor-element-populated\">\n\t\t\t\t\t\t<div class=\"elementor-element elementor-element-d12ee4a elementor-widget elementor-widget-image\" data-id=\"d12ee4a\" data-element_type=\"widget\" data-widget_type=\"image.default\">\n\t\t\t\t<div class=\"elementor-widget-container\">\n\t\t\t<style>\/*! elementor - v3.20.0 - 13-03-2024 *\/\n.elementor-widget-image{text-align:center}.elementor-widget-image a{display:inline-block}.elementor-widget-image a img[src$=\".svg\"]{width:48px}.elementor-widget-image img{vertical-align:middle;display:inline-block}<\/style>\t\t\t\t\t\t\t\t\t\t<img decoding=\"async\" width=\"1200\" height=\"675\" src=\"https:\/\/ecoprodukt-ks.com\/wp-content\/uploads\/2022\/01\/european-sausages-deli-meats.jpg\" class=\"attachment-full size-full wp-image-1945\" alt=\"\" srcset=\"https:\/\/ecoprodukt-ks.com\/wp-content\/uploads\/2022\/01\/european-sausages-deli-meats.jpg 1200w, https:\/\/ecoprodukt-ks.com\/wp-content\/uploads\/2022\/01\/european-sausages-deli-meats-300x169.jpg 300w, https:\/\/ecoprodukt-ks.com\/wp-content\/uploads\/2022\/01\/european-sausages-deli-meats-1024x576.jpg 1024w, https:\/\/ecoprodukt-ks.com\/wp-content\/uploads\/2022\/01\/european-sausages-deli-meats-768x432.jpg 768w, https:\/\/ecoprodukt-ks.com\/wp-content\/uploads\/2022\/01\/european-sausages-deli-meats-1000x563.jpg 1000w\" sizes=\"(max-width: 1200px) 100vw, 1200px\" \/>\t\t\t\t\t\t\t\t\t\t\t\t\t<\/div>\n\t\t\t\t<\/div>\n\t\t\t\t\t<\/div>\n\t\t<\/div>\n\t\t\t\t<div class=\"elementor-column elementor-col-50 elementor-inner-column elementor-element elementor-element-a2341cf kitify-col-width-auto-no kitify-disable-relative-no elementor-invisible\" data-id=\"a2341cf\" data-element_type=\"column\" data-settings=\"{&quot;animation&quot;:&quot;kitifyShortFadeInUp&quot;,&quot;animation_delay&quot;:500}\">\n\t\t\t<div class=\"elementor-widget-wrap elementor-element-populated\">\n\t\t\t\t\t\t<div class=\"elementor-element elementor-element-76000b8 elementor-widget elementor-widget-text-editor\" data-id=\"76000b8\" data-element_type=\"widget\" data-widget_type=\"text-editor.default\">\n\t\t\t\t<div class=\"elementor-widget-container\">\n\t\t\t<style>\/*! elementor - v3.20.0 - 13-03-2024 *\/\n.elementor-widget-text-editor.elementor-drop-cap-view-stacked .elementor-drop-cap{background-color:#69727d;color:#fff}.elementor-widget-text-editor.elementor-drop-cap-view-framed .elementor-drop-cap{color:#69727d;border:3px solid;background-color:transparent}.elementor-widget-text-editor:not(.elementor-drop-cap-view-default) .elementor-drop-cap{margin-top:8px}.elementor-widget-text-editor:not(.elementor-drop-cap-view-default) .elementor-drop-cap-letter{width:1em;height:1em}.elementor-widget-text-editor .elementor-drop-cap{float:left;text-align:center;line-height:1;font-size:50px}.elementor-widget-text-editor .elementor-drop-cap-letter{display:inline-block}<\/style>\t\t\t\t<p>\u00a0<\/p><p>Industria e Mishit \u2018EcoProdukt SH.P.K, \u00a0me seli ne Viti, e cila ka trash\u00ebguar personelin e Industris\u00eb s\u00eb Mishit \u2018LGB Viti-Gjilan, ka nisur aktivitetin e saj n\u00eb vitin\u00a0 2012 dhe brenda nj\u00eb kohe t\u00eb shkurt\u00ebr \u00ebsht\u00eb b\u00ebr\u00eb nd\u00ebr \u00a0prodhuesit m\u00eb t\u00eb fuqish\u00ebm t\u00eb artikujve ushqimor\u00eb shum\u00eb cil\u00ebsor n\u00eb tregun e vendit.<\/p><p>Duke pasur si q\u00ebllim par\u00ebsor cil\u00ebsin\u00eb e prodhimit dhe ruajtjen e sh\u00ebndetit t\u00eb popullat\u00ebs, me nj\u00eb staf menaxhues t\u00eb specializuar dhe personel me p\u00ebrvoj\u00eb mbi 20 vje\u00e7are, \u00a0\u2018EcoProdukt\u2019 ka arritur q\u00eb shum\u00eb shpejt t\u00eb dominoj n\u00eb tregun kosovar dhe t\u00eb\u00a0t\u00ebrheq\u00eb\u00a0\u00a0nj\u00eb klientel\u00eb\u00a0q\u00eb d\u00ebshiron t\u00eb konsumoj\u00eb\u00a0produkte t\u00eb kualitetit t\u00eb lart\u00eb e t\u00eb fresk\u00ebt.<\/p>\t\t\t\t\t\t<\/div>\n\t\t\t\t<\/div>\n\t\t\t\t\t<\/div>\n\t\t<\/div>\n\t\t\t\t\t<\/div>\n\t\t<\/section>\n\t\t\t\t<section class=\"elementor-section elementor-inner-section elementor-element elementor-element-4350867 elementor-section-full_width elementor-section-content-middle elementor-section-height-default elementor-section-height-default\" data-id=\"4350867\" data-element_type=\"section\">\n\t\t\t\t\t\t<div class=\"elementor-container elementor-column-gap-no\">\n\t\t\t\t\t<div class=\"elementor-column elementor-col-50 elementor-inner-column elementor-element elementor-element-a458f0c kitify-col-width-auto-no kitify-disable-relative-no elementor-invisible\" data-id=\"a458f0c\" data-element_type=\"column\" data-settings=\"{&quot;animation&quot;:&quot;kitifyShortFadeInUp&quot;}\">\n\t\t\t<div class=\"elementor-widget-wrap elementor-element-populated\">\n\t\t\t\t\t\t<div class=\"elementor-element elementor-element-fdf2b79 elementor-widget elementor-widget-text-editor\" data-id=\"fdf2b79\" data-element_type=\"widget\" data-widget_type=\"text-editor.default\">\n\t\t\t\t<div class=\"elementor-widget-container\">\n\t\t\t\t\t\t\t<p>Bashk\u00ebpunimi me kompani t\u00eb njohura komb\u00ebtare e nd\u00ebrkomb\u00ebtare, importimi prej tyre i produkteve sa m\u00eb cil\u00ebsore dhe plasimi i mir\u00ebfillt\u00eb\u00a0i tyre n\u00eb treg, kan\u00eb b\u00ebr\u00eb q\u00eb kompania jon\u00eb t\u00eb\u00a0rris\u00eb\u00a0kualitetin dhe kapacitetin e prodhimit e ta shum\u00ebfishoj at\u00eb.\u00a0 Kompania ka p\u00ebr q\u00ebllim rritjen e kapaciteteve prodhuese, rritjen e numrit t\u00eb t\u00eb pun\u00ebsuarve e gjithashtu \u00a0modernizimin\u00a0 e teknologjis\u00eb.<\/p><p>\u2018EcoProdukt\u2019\u00a0\u00ebsht\u00eb\u00a0kompani serioze me baza t\u00eb sh\u00ebndosha financiare. Q\u00eb nga themelimi e deri m\u00eb sot asnj\u00ebher\u00eb\u00a0nuk ka qen\u00eb e kredituar e as e financuar nga ndonj\u00eb bank\u00eb\u00a0ose organizat\u00eb.<\/p><p>Duke pasur gjithmon\u00eb si prioritet sh\u00ebndetin e konsumator\u00ebve, me nj\u00eb angazhim maksimal t\u00eb stafit punues e t\u00eb teknologut ushqimor, kompania jon\u00eb plason n\u00eb treg produkte q\u00eb jan\u00eb t\u00eb paketuara n\u00eb m\u00ebnyr\u00ebn e duhur, e t\u00eb kontrolluara nga t\u00eb gjitha strukturat p\u00ebrcjell\u00ebse: veterinaria, inspektorati sanitar, Instituti i Sh\u00ebndetit Publik, Agjencia e Veterin\u00ebs dhe Ushqimit, gj\u00eb q\u00eb \u00a0ndikon n\u00eb parandalimin nga ndonj\u00eb parregullsi e mundshme.<\/p><p>Q\u00eb nga fillimi i pun\u00ebs jemi tatimpagues t\u00eb rregullt dhe besojm\u00eb se me k\u00ebt\u00eb \u00a0do t`i kontribuojm\u00eb sadopak rritjes s\u00eb buxhetit t\u00eb\u00a0Republik\u00ebs s\u00eb Kosov\u00ebs.<\/p>\t\t\t\t\t\t<\/div>\n\t\t\t\t<\/div>\n\t\t\t\t\t<\/div>\n\t\t<\/div>\n\t\t\t\t<div class=\"elementor-column elementor-col-50 elementor-inner-column elementor-element elementor-element-97e855d kitify-col-width-auto-no kitify-disable-relative-no elementor-invisible\" data-id=\"97e855d\" data-element_type=\"column\" data-settings=\"{&quot;animation&quot;:&quot;kitifyShortFadeInUp&quot;,&quot;animation_delay&quot;:500}\">\n\t\t\t<div class=\"elementor-widget-wrap elementor-element-populated\">\n\t\t\t\t\t\t<div class=\"elementor-element elementor-element-52d0930 elementor-widget elementor-widget-image\" data-id=\"52d0930\" data-element_type=\"widget\" data-widget_type=\"image.default\">\n\t\t\t\t<div class=\"elementor-widget-container\">\n\t\t\t\t\t\t\t\t\t\t\t\t\t<img decoding=\"async\" width=\"942\" height=\"1177\" src=\"https:\/\/ecoprodukt-ks.com\/wp-content\/uploads\/2023\/02\/sausage-varieties-LA101660_15-ocms.jpg\" class=\"attachment-full size-full wp-image-1954\" alt=\"\" srcset=\"https:\/\/ecoprodukt-ks.com\/wp-content\/uploads\/2023\/02\/sausage-varieties-LA101660_15-ocms.jpg 942w, https:\/\/ecoprodukt-ks.com\/wp-content\/uploads\/2023\/02\/sausage-varieties-LA101660_15-ocms-240x300.jpg 240w, https:\/\/ecoprodukt-ks.com\/wp-content\/uploads\/2023\/02\/sausage-varieties-LA101660_15-ocms-820x1024.jpg 820w, https:\/\/ecoprodukt-ks.com\/wp-content\/uploads\/2023\/02\/sausage-varieties-LA101660_15-ocms-768x960.jpg 768w\" sizes=\"(max-width: 942px) 100vw, 942px\" \/>\t\t\t\t\t\t\t\t\t\t\t\t\t<\/div>\n\t\t\t\t<\/div>\n\t\t\t\t\t<\/div>\n\t\t<\/div>\n\t\t\t\t\t<\/div>\n\t\t<\/section>\n\t\t\t\t\t<\/div>\n\t\t<\/div>\n\t\t\t\t\t<\/div>\n\t\t<\/section>\n\t\t\t\t<\/div>\n\t\t","protected":false},"excerpt":{"rendered":"<p>Rreth Historis\u00eb Ton\u00eb \u00a0 Industria e Mishit \u2018EcoProdukt SH.P.K, \u00a0me seli ne Viti, e cila ka trash\u00ebguar personelin e Industris\u00eb s\u00eb Mishit \u2018LGB Viti-Gjilan, ka nisur aktivitetin e saj n\u00eb vitin\u00a0 2012 dhe brenda nj\u00eb kohe t\u00eb shkurt\u00ebr \u00ebsht\u00eb b\u00ebr\u00eb nd\u00ebr \u00a0prodhuesit m\u00eb t\u00eb fuqish\u00ebm t\u00eb artikujve ushqimor\u00eb shum\u00eb cil\u00ebsor n\u00eb tregun e vendit. Duke pasur si q\u00ebllim par\u00ebsor cil\u00ebsin\u00eb\u2026<\/p>\n","protected":false},"author":1,"featured_media":0,"parent":0,"menu_order":0,"comment_status":"closed","ping_status":"closed","template":"elementor_header_footer","meta":{"footnotes":""},"_links":{"self":[{"href":"https:\/\/ecoprodukt-ks.com\/index.php\/wp-json\/wp\/v2\/pages\/22"}],"collection":[{"href":"https:\/\/ecoprodukt-ks.com\/index.php\/wp-json\/wp\/v2\/pages"}],"about":[{"href":"https:\/\/ecoprodukt-ks.com\/index.php\/wp-json\/wp\/v2\/types\/page"}],"author":[{"embeddable":true,"href":"https:\/\/ecoprodukt-ks.com\/index.php\/wp-json\/wp\/v2\/users\/1"}],"replies":[{"embeddable":true,"href":"https:\/\/ecoprodukt-ks.com\/index.php\/wp-json\/wp\/v2\/comments?post=22"}],"version-history":[{"count":13,"href":"https:\/\/ecoprodukt-ks.com\/index.php\/wp-json\/wp\/v2\/pages\/22\/revisions"}],"predecessor-version":[{"id":2014,"href":"https:\/\/ecoprodukt-ks.com\/index.php\/wp-json\/wp\/v2\/pages\/22\/revisions\/2014"}],"wp:attachment":[{"href":"https:\/\/ecoprodukt-ks.com\/index.php\/wp-json\/wp\/v2\/media?parent=22"}],"curies":[{"name":"wp","href":"https:\/\/api.w.org\/{rel}","templated":true}]}}