{"id":2031,"date":"2023-03-19T12:46:06","date_gmt":"2023-03-19T12:46:06","guid":{"rendered":"https:\/\/ecoprodukt-ks.com\/?post_type=product&#038;p=2031"},"modified":"2023-04-06T17:24:05","modified_gmt":"2023-04-06T17:24:05","slug":"suxhuk-eco-vakum","status":"publish","type":"product","link":"https:\/\/ecoprodukt-ks.com\/index.php\/product\/suxhuk-eco-vakum\/","title":{"rendered":"Suxhuk Eco Vakum"},"content":{"rendered":"<p>P\u00ebrb\u00ebrja:<br \/>\nMish gjedhi,yndyr\u00ebm melmesa.<br \/>\nT\u00eb ruhet n\u00eb temperatura prej 0 deri 8 C<\/p>\n","protected":false},"excerpt":{"rendered":"<p>P\u00ebrb\u00ebrja: Mish gjedhi,yndyr\u00ebm melmesa. T\u00eb ruhet n\u00eb temperatura prej 0 deri 8 C<\/p>\n","protected":false},"featured_media":2109,"comment_status":"open","ping_status":"closed","template":"","meta":[],"product_cat":[61],"product_tag":[],"_links":{"self":[{"href":"https:\/\/ecoprodukt-ks.com\/index.php\/wp-json\/wp\/v2\/product\/2031"}],"collection":[{"href":"https:\/\/ecoprodukt-ks.com\/index.php\/wp-json\/wp\/v2\/product"}],"about":[{"href":"https:\/\/ecoprodukt-ks.com\/index.php\/wp-json\/wp\/v2\/types\/product"}],"replies":[{"embeddable":true,"href":"https:\/\/ecoprodukt-ks.com\/index.php\/wp-json\/wp\/v2\/comments?post=2031"}],"wp:featuredmedia":[{"embeddable":true,"href":"https:\/\/ecoprodukt-ks.com\/index.php\/wp-json\/wp\/v2\/media\/2109"}],"wp:attachment":[{"href":"https:\/\/ecoprodukt-ks.com\/index.php\/wp-json\/wp\/v2\/media?parent=2031"}],"wp:term":[{"taxonomy":"product_cat","embeddable":true,"href":"https:\/\/ecoprodukt-ks.com\/index.php\/wp-json\/wp\/v2\/product_cat?post=2031"},{"taxonomy":"product_tag","embeddable":true,"href":"https:\/\/ecoprodukt-ks.com\/index.php\/wp-json\/wp\/v2\/product_tag?post=2031"}],"curies":[{"name":"wp","href":"https:\/\/api.w.org\/{rel}","templated":true}]}}