{"id":2061,"date":"2023-03-19T13:01:14","date_gmt":"2023-03-19T13:01:14","guid":{"rendered":"https:\/\/ecoprodukt-ks.com\/?post_type=product&#038;p=2061"},"modified":"2023-04-06T17:28:51","modified_gmt":"2023-04-06T17:28:51","slug":"sallame-zogu","status":"publish","type":"product","link":"https:\/\/ecoprodukt-ks.com\/index.php\/product\/sallame-zogu\/","title":{"rendered":"Sallam\u00eb Zogu"},"content":{"rendered":"<p>P\u00ebrb\u00ebrja:<br \/>\nMish Zogu, Vaj bim\u00ebsh, Uj\u00eb t\u00eb pijsh\u00ebm, Krip\u00eb Nitriti, Polifosfat, M\u00eblmesa, Arom\u00eb m\u00eblmesash, Laktoz\u00eb, Shtof t\u00eb sheqerit. Stabilizues E-331,P\u00ebrforcues i shij\u00ebs E-621, Antiokside E-300, Konzervans E-250. Ruajtja: T\u00eb mir\u00ebmbahet n\u00eb temperatur\u00eb 0-8 C Made in Kosovo<\/p>\n","protected":false},"excerpt":{"rendered":"<p>P\u00ebrb\u00ebrja: Mish Zogu, Vaj bim\u00ebsh, Uj\u00eb t\u00eb pijsh\u00ebm, Krip\u00eb Nitriti, Polifosfat, M\u00eblmesa, Arom\u00eb m\u00eblmesash, Laktoz\u00eb, Shtof t\u00eb sheqerit. Stabilizues E-331,P\u00ebrforcues i shij\u00ebs E-621, Antiokside E-300, Konzervans E-250. Ruajtja: T\u00eb mir\u00ebmbahet n\u00eb temperatur\u00eb 0-8 C Made in Kosovo<\/p>\n","protected":false},"featured_media":2111,"comment_status":"open","ping_status":"closed","template":"","meta":[],"product_cat":[61],"product_tag":[],"_links":{"self":[{"href":"https:\/\/ecoprodukt-ks.com\/index.php\/wp-json\/wp\/v2\/product\/2061"}],"collection":[{"href":"https:\/\/ecoprodukt-ks.com\/index.php\/wp-json\/wp\/v2\/product"}],"about":[{"href":"https:\/\/ecoprodukt-ks.com\/index.php\/wp-json\/wp\/v2\/types\/product"}],"replies":[{"embeddable":true,"href":"https:\/\/ecoprodukt-ks.com\/index.php\/wp-json\/wp\/v2\/comments?post=2061"}],"wp:featuredmedia":[{"embeddable":true,"href":"https:\/\/ecoprodukt-ks.com\/index.php\/wp-json\/wp\/v2\/media\/2111"}],"wp:attachment":[{"href":"https:\/\/ecoprodukt-ks.com\/index.php\/wp-json\/wp\/v2\/media?parent=2061"}],"wp:term":[{"taxonomy":"product_cat","embeddable":true,"href":"https:\/\/ecoprodukt-ks.com\/index.php\/wp-json\/wp\/v2\/product_cat?post=2061"},{"taxonomy":"product_tag","embeddable":true,"href":"https:\/\/ecoprodukt-ks.com\/index.php\/wp-json\/wp\/v2\/product_tag?post=2061"}],"curies":[{"name":"wp","href":"https:\/\/api.w.org\/{rel}","templated":true}]}}